{"id":567,"date":"2022-10-31T09:33:47","date_gmt":"2022-10-31T07:33:47","guid":{"rendered":"https:\/\/elevationleaders.com\/fr\/?page_id=567"},"modified":"2023-02-27T05:02:13","modified_gmt":"2023-02-27T11:02:13","slug":"services","status":"publish","type":"page","link":"https:\/\/elevationleaders.com\/fr\/services\/","title":{"rendered":"Services"},"content":{"rendered":"\t\t<div data-elementor-type=\"wp-page\" data-elementor-id=\"567\" class=\"elementor elementor-567\">\n\t\t\t\t\t\t<section class=\"elementor-section elementor-top-section elementor-element elementor-element-56e94f3 elementor-section-height-min-height elementor-section-boxed elementor-section-height-default elementor-section-items-middle\" data-id=\"56e94f3\" data-element_type=\"section\" data-e-type=\"section\" data-settings=\"{&quot;background_background&quot;:&quot;classic&quot;}\">\n\t\t\t\t\t\t<div class=\"elementor-container elementor-column-gap-default\">\n\t\t\t\t\t<div class=\"elementor-column elementor-col-100 elementor-top-column elementor-element elementor-element-23f8227\" data-id=\"23f8227\" data-element_type=\"column\" data-e-type=\"column\">\n\t\t\t<div class=\"elementor-widget-wrap elementor-element-populated\">\n\t\t\t\t\t\t<div class=\"elementor-element elementor-element-c80c617 elementor-invisible elementor-widget elementor-widget-heading\" data-id=\"c80c617\" data-element_type=\"widget\" data-e-type=\"widget\" data-settings=\"{&quot;_animation&quot;:&quot;fadeInUp&quot;}\" data-widget_type=\"heading.default\">\n\t\t\t\t<div class=\"elementor-widget-container\">\n\t\t\t\t\t<h1 class=\"elementor-heading-title elementor-size-default\">Nos Services<\/h1>\t\t\t\t<\/div>\n\t\t\t\t<\/div>\n\t\t\t\t\t<\/div>\n\t\t<\/div>\n\t\t\t\t\t<\/div>\n\t\t<\/section>\n\t\t\t\t<section class=\"elementor-section elementor-top-section elementor-element elementor-element-cf018ab elementor-section-boxed elementor-section-height-default elementor-section-height-default\" data-id=\"cf018ab\" data-element_type=\"section\" data-e-type=\"section\">\n\t\t\t\t\t\t<div class=\"elementor-container elementor-column-gap-default\">\n\t\t\t\t\t<div class=\"elementor-column elementor-col-100 elementor-top-column elementor-element elementor-element-9a592bf\" data-id=\"9a592bf\" data-element_type=\"column\" data-e-type=\"column\">\n\t\t\t<div class=\"elementor-widget-wrap elementor-element-populated\">\n\t\t\t\t\t\t<div class=\"elementor-element elementor-element-14ad6b0 elementor-invisible elementor-widget elementor-widget-heading\" data-id=\"14ad6b0\" data-element_type=\"widget\" data-e-type=\"widget\" data-settings=\"{&quot;_animation&quot;:&quot;fadeInUp&quot;,&quot;_animation_delay&quot;:100}\" data-widget_type=\"heading.default\">\n\t\t\t\t<div class=\"elementor-widget-container\">\n\t\t\t\t\t<h2 class=\"elementor-heading-title elementor-size-default\">NOS SERVICES DE COACHING ET DE FACILITATION<\/h2>\t\t\t\t<\/div>\n\t\t\t\t<\/div>\n\t\t\t\t\t<\/div>\n\t\t<\/div>\n\t\t\t\t\t<\/div>\n\t\t<\/section>\n\t\t\t\t<section class=\"elementor-section elementor-top-section elementor-element elementor-element-11cc139 elementor-section-boxed elementor-section-height-default elementor-section-height-default\" data-id=\"11cc139\" data-element_type=\"section\" data-e-type=\"section\">\n\t\t\t\t\t\t<div class=\"elementor-container elementor-column-gap-default\">\n\t\t\t\t\t<div class=\"elementor-column elementor-col-33 elementor-top-column elementor-element elementor-element-a34f0dc\" data-id=\"a34f0dc\" data-element_type=\"column\" data-e-type=\"column\">\n\t\t\t<div class=\"elementor-widget-wrap elementor-element-populated\">\n\t\t\t\t\t\t<section class=\"elementor-section elementor-inner-section elementor-element elementor-element-deae279 elementor-section-boxed elementor-section-height-default elementor-section-height-default\" data-id=\"deae279\" data-element_type=\"section\" data-e-type=\"section\">\n\t\t\t\t\t\t<div class=\"elementor-container elementor-column-gap-default\">\n\t\t\t\t\t<div class=\"elementor-column elementor-col-100 elementor-inner-column elementor-element elementor-element-165620c elementor-invisible\" data-id=\"165620c\" data-element_type=\"column\" data-e-type=\"column\" data-settings=\"{&quot;background_background&quot;:&quot;classic&quot;,&quot;animation&quot;:&quot;fadeIn&quot;,&quot;animation_delay&quot;:100}\">\n\t\t\t<div class=\"elementor-widget-wrap elementor-element-populated\">\n\t\t\t\t\t\t<div class=\"elementor-element elementor-element-2c0ba11 elementor-widget elementor-widget-image\" data-id=\"2c0ba11\" data-element_type=\"widget\" data-e-type=\"widget\" data-widget_type=\"image.default\">\n\t\t\t\t<div class=\"elementor-widget-container\">\n\t\t\t\t\t\t\t\t\t\t\t\t\t\t\t<img decoding=\"async\" src=\"https:\/\/elevationleaders.com\/fr\/wp-content\/uploads\/2022\/10\/STRATEGIC-PLANNING.svg\" class=\"attachment-full size-full wp-image-235\" alt=\"\" \/>\t\t\t\t\t\t\t\t\t\t\t\t\t\t\t<\/div>\n\t\t\t\t<\/div>\n\t\t\t\t<div class=\"elementor-element elementor-element-9e35514 elementor-widget elementor-widget-heading\" data-id=\"9e35514\" data-element_type=\"widget\" data-e-type=\"widget\" data-widget_type=\"heading.default\">\n\t\t\t\t<div class=\"elementor-widget-container\">\n\t\t\t\t\t<h3 class=\"elementor-heading-title elementor-size-default\">PLANIFICATION STRAT\u00c9GIQUE<\/h3>\t\t\t\t<\/div>\n\t\t\t\t<\/div>\n\t\t\t\t<div class=\"elementor-element elementor-element-bab3f61 elementor-widget elementor-widget-text-editor\" data-id=\"bab3f61\" data-element_type=\"widget\" data-e-type=\"widget\" data-widget_type=\"text-editor.default\">\n\t\t\t\t<div class=\"elementor-widget-container\">\n\t\t\t\t\t\t\t\t\t<p>Les d\u00e9cisions \u00e9galent le succ\u00e8s &#8211; et il y a quatre d\u00e9cisions, dans la croissance de votre entreprise, que vous devez prendre correctement ou vous risquez de laisser des revenus, des b\u00e9n\u00e9fices et du temps importants sur la table. Ces quatre d\u00e9cisions sont les individus, la strat\u00e9gie, l&#8217;ex\u00e9cution et la liquidit\u00e9.<\/p><p>En travaillant avec Elevation Leaders, nous vous aiderons \u00e0 prendre les quatre bonnes d\u00e9cisions, vous permettant de prendre contr\u00f4le sur le drame et le chaos li\u00e9s \u00e0 la croissance d&#8217;une entreprise. Vous vous lib\u00e9rerez pour consacrer plus de temps \u00e0 l&#8217;entretien de la culture d&#8217;entreprise ; investir plus de temps \u00e0 raffiner la strat\u00e9gie ; et consacrer plus de temps \u00e0 la planification de l&#8217;ex\u00e9cution.<\/p>\t\t\t\t\t\t\t\t<\/div>\n\t\t\t\t<\/div>\n\t\t\t\t<div class=\"elementor-element elementor-element-3ccb543 elementor-align-center elementor-widget elementor-widget-button\" data-id=\"3ccb543\" data-element_type=\"widget\" data-e-type=\"widget\" data-widget_type=\"button.default\">\n\t\t\t\t<div class=\"elementor-widget-container\">\n\t\t\t\t\t\t\t\t\t<div class=\"elementor-button-wrapper\">\n\t\t\t\t\t<a class=\"elementor-button elementor-button-link elementor-size-sm\" href=\"https:\/\/elevationleaders.com\/fr\/services\/strategic-planning\/\">\n\t\t\t\t\t\t<span class=\"elementor-button-content-wrapper\">\n\t\t\t\t\t\t\t\t\t<span class=\"elementor-button-text\">LIRE LA SUITE<\/span>\n\t\t\t\t\t<\/span>\n\t\t\t\t\t<\/a>\n\t\t\t\t<\/div>\n\t\t\t\t\t\t\t\t<\/div>\n\t\t\t\t<\/div>\n\t\t\t\t\t<\/div>\n\t\t<\/div>\n\t\t\t\t\t<\/div>\n\t\t<\/section>\n\t\t\t\t\t<\/div>\n\t\t<\/div>\n\t\t\t\t<div class=\"elementor-column elementor-col-33 elementor-top-column elementor-element elementor-element-3cd4312\" data-id=\"3cd4312\" data-element_type=\"column\" data-e-type=\"column\">\n\t\t\t<div class=\"elementor-widget-wrap elementor-element-populated\">\n\t\t\t\t\t\t<section class=\"elementor-section elementor-inner-section elementor-element elementor-element-d6da0dc elementor-section-boxed elementor-section-height-default elementor-section-height-default\" data-id=\"d6da0dc\" data-element_type=\"section\" data-e-type=\"section\">\n\t\t\t\t\t\t<div class=\"elementor-container elementor-column-gap-default\">\n\t\t\t\t\t<div class=\"elementor-column elementor-col-100 elementor-inner-column elementor-element elementor-element-e2f7754 elementor-invisible\" data-id=\"e2f7754\" data-element_type=\"column\" data-e-type=\"column\" data-settings=\"{&quot;background_background&quot;:&quot;classic&quot;,&quot;animation&quot;:&quot;fadeIn&quot;,&quot;animation_delay&quot;:300}\">\n\t\t\t<div class=\"elementor-widget-wrap elementor-element-populated\">\n\t\t\t\t\t\t<div class=\"elementor-element elementor-element-baa4b6e elementor-widget elementor-widget-image\" data-id=\"baa4b6e\" data-element_type=\"widget\" data-e-type=\"widget\" data-widget_type=\"image.default\">\n\t\t\t\t<div class=\"elementor-widget-container\">\n\t\t\t\t\t\t\t\t\t\t\t\t\t\t\t<img decoding=\"async\" src=\"https:\/\/elevationleaders.com\/fr\/wp-content\/uploads\/2022\/10\/EXECUTIVE-COACHING.svg\" class=\"attachment-full size-full wp-image-240\" alt=\"\" \/>\t\t\t\t\t\t\t\t\t\t\t\t\t\t\t<\/div>\n\t\t\t\t<\/div>\n\t\t\t\t<div class=\"elementor-element elementor-element-3893b6c elementor-widget elementor-widget-heading\" data-id=\"3893b6c\" data-element_type=\"widget\" data-e-type=\"widget\" data-widget_type=\"heading.default\">\n\t\t\t\t<div class=\"elementor-widget-container\">\n\t\t\t\t\t<h3 class=\"elementor-heading-title elementor-size-default\">COACHING EX\u00c9CUTIF<\/h3>\t\t\t\t<\/div>\n\t\t\t\t<\/div>\n\t\t\t\t<div class=\"elementor-element elementor-element-28515f5 elementor-widget elementor-widget-text-editor\" data-id=\"28515f5\" data-element_type=\"widget\" data-e-type=\"widget\" data-widget_type=\"text-editor.default\">\n\t\t\t\t<div class=\"elementor-widget-container\">\n\t\t\t\t\t\t\t\t\t<p>Le coaching est un partenariat entre le coach et le coach\u00e9. Le r\u00f4le du coach est de soutenir le coach\u00e9 dans l&#8217;\u00e9l\u00e9vation et la maximisation de son potentiel professionnel. Un coaching r\u00e9ussi apporte un changement observable, durable et coh\u00e9rent.<\/p><p>Les avantages du coaching ex\u00e9cutif incluent :<\/p><p>Cr\u00e9er de nouvelles habitudes qui ont un impact maximal sur la performance organisationnelle et la culture d&#8217;entreprise.<\/p><p>Accro\u00eetre l&#8217;engagement et la mobilisation des \u00e9quipes.<\/p><p>Assurer des communications performantes \u00e0 tous les niveaux.<\/p><p>Accompagner la conduite du changement et la transformation organisationnelle.<\/p><p>Des r\u00e9sultats mesurables et document\u00e9s.<\/p>\t\t\t\t\t\t\t\t<\/div>\n\t\t\t\t<\/div>\n\t\t\t\t<div class=\"elementor-element elementor-element-5d8f729 elementor-align-center elementor-widget elementor-widget-button\" data-id=\"5d8f729\" data-element_type=\"widget\" data-e-type=\"widget\" data-widget_type=\"button.default\">\n\t\t\t\t<div class=\"elementor-widget-container\">\n\t\t\t\t\t\t\t\t\t<div class=\"elementor-button-wrapper\">\n\t\t\t\t\t<a class=\"elementor-button elementor-button-link elementor-size-sm\" href=\"https:\/\/elevationleaders.com\/fr\/services\/executive-coaching\/\">\n\t\t\t\t\t\t<span class=\"elementor-button-content-wrapper\">\n\t\t\t\t\t\t\t\t\t<span class=\"elementor-button-text\">LIRE LA SUITE<\/span>\n\t\t\t\t\t<\/span>\n\t\t\t\t\t<\/a>\n\t\t\t\t<\/div>\n\t\t\t\t\t\t\t\t<\/div>\n\t\t\t\t<\/div>\n\t\t\t\t\t<\/div>\n\t\t<\/div>\n\t\t\t\t\t<\/div>\n\t\t<\/section>\n\t\t\t\t\t<\/div>\n\t\t<\/div>\n\t\t\t\t<div class=\"elementor-column elementor-col-33 elementor-top-column elementor-element elementor-element-ddc8673\" data-id=\"ddc8673\" data-element_type=\"column\" data-e-type=\"column\">\n\t\t\t<div class=\"elementor-widget-wrap elementor-element-populated\">\n\t\t\t\t\t\t<section class=\"elementor-section elementor-inner-section elementor-element elementor-element-2d663b9 elementor-section-boxed elementor-section-height-default elementor-section-height-default\" data-id=\"2d663b9\" data-element_type=\"section\" data-e-type=\"section\">\n\t\t\t\t\t\t<div class=\"elementor-container elementor-column-gap-default\">\n\t\t\t\t\t<div class=\"elementor-column elementor-col-100 elementor-inner-column elementor-element elementor-element-31ace38 elementor-invisible\" data-id=\"31ace38\" data-element_type=\"column\" data-e-type=\"column\" data-settings=\"{&quot;background_background&quot;:&quot;classic&quot;,&quot;animation&quot;:&quot;fadeIn&quot;,&quot;animation_delay&quot;:450}\">\n\t\t\t<div class=\"elementor-widget-wrap elementor-element-populated\">\n\t\t\t\t\t\t<div class=\"elementor-element elementor-element-f7f8f5d elementor-widget elementor-widget-image\" data-id=\"f7f8f5d\" data-element_type=\"widget\" data-e-type=\"widget\" data-widget_type=\"image.default\">\n\t\t\t\t<div class=\"elementor-widget-container\">\n\t\t\t\t\t\t\t\t\t\t\t\t\t\t\t<img decoding=\"async\" src=\"https:\/\/elevationleaders.com\/fr\/wp-content\/uploads\/2022\/10\/WORKSHOPS.svg\" class=\"attachment-full size-full wp-image-241\" alt=\"\" \/>\t\t\t\t\t\t\t\t\t\t\t\t\t\t\t<\/div>\n\t\t\t\t<\/div>\n\t\t\t\t<div class=\"elementor-element elementor-element-27651fc elementor-widget elementor-widget-heading\" data-id=\"27651fc\" data-element_type=\"widget\" data-e-type=\"widget\" data-widget_type=\"heading.default\">\n\t\t\t\t<div class=\"elementor-widget-container\">\n\t\t\t\t\t<h3 class=\"elementor-heading-title elementor-size-default\">ATELIERS<\/h3>\t\t\t\t<\/div>\n\t\t\t\t<\/div>\n\t\t\t\t<div class=\"elementor-element elementor-element-f07ebc4 elementor-widget elementor-widget-text-editor\" data-id=\"f07ebc4\" data-element_type=\"widget\" data-e-type=\"widget\" data-widget_type=\"text-editor.default\">\n\t\t\t\t<div class=\"elementor-widget-container\">\n\t\t\t\t\t\t\t\t\t<p>Nos ateliers se concentrent sur la premi\u00e8re des d\u00e9cisions du processus \u00ab Scaling Up \u00bb &#8211; les individus. Il est facile d&#8217;embaucher des employ\u00e9s dans votre entreprise, mais il n&#8217;est pas toujours facile d&#8217;embaucher les bonnes personnes ou d&#8217;en tirer le meilleur parti une fois sur place. Nous allons changer cela pour vous.<\/p><p>Nos ateliers attrayants ont eu un impact durable sur les entreprises des secteurs de la technologie, des finances, du marketing, de la fabrication et bien plus encore.<\/p>\t\t\t\t\t\t\t\t<\/div>\n\t\t\t\t<\/div>\n\t\t\t\t<div class=\"elementor-element elementor-element-084447b elementor-align-center elementor-widget elementor-widget-button\" data-id=\"084447b\" data-element_type=\"widget\" data-e-type=\"widget\" data-widget_type=\"button.default\">\n\t\t\t\t<div class=\"elementor-widget-container\">\n\t\t\t\t\t\t\t\t\t<div class=\"elementor-button-wrapper\">\n\t\t\t\t\t<a class=\"elementor-button elementor-button-link elementor-size-sm\" href=\"https:\/\/elevationleaders.com\/fr\/services\/workshops\/\">\n\t\t\t\t\t\t<span class=\"elementor-button-content-wrapper\">\n\t\t\t\t\t\t\t\t\t<span class=\"elementor-button-text\">LIRE LA SUITE<\/span>\n\t\t\t\t\t<\/span>\n\t\t\t\t\t<\/a>\n\t\t\t\t<\/div>\n\t\t\t\t\t\t\t\t<\/div>\n\t\t\t\t<\/div>\n\t\t\t\t\t<\/div>\n\t\t<\/div>\n\t\t\t\t\t<\/div>\n\t\t<\/section>\n\t\t\t\t\t<\/div>\n\t\t<\/div>\n\t\t\t\t\t<\/div>\n\t\t<\/section>\n\t\t\t\t<\/div>\n\t\t","protected":false},"excerpt":{"rendered":"<p>Nos Services NOS SERVICES DE COACHING ET DE FACILITATION PLANIFICATION STRAT\u00c9GIQUE Les d\u00e9cisions \u00e9galent le succ\u00e8s &#8211; et il y a quatre d\u00e9cisions, dans la croissance de votre entreprise, que vous devez prendre correctement ou vous risquez de laisser des revenus, des b\u00e9n\u00e9fices et du temps importants sur la table. Ces quatre d\u00e9cisions sont les [&hellip;]<\/p>\n","protected":false},"author":2,"featured_media":0,"parent":0,"menu_order":0,"comment_status":"closed","ping_status":"closed","template":"","meta":{"ocean_post_layout":"","ocean_both_sidebars_style":"","ocean_both_sidebars_content_width":0,"ocean_both_sidebars_sidebars_width":0,"ocean_sidebar":"0","ocean_second_sidebar":"0","ocean_disable_margins":"enable","ocean_add_body_class":"","ocean_shortcode_before_top_bar":"","ocean_shortcode_after_top_bar":"","ocean_shortcode_before_header":"","ocean_shortcode_after_header":"","ocean_has_shortcode":"","ocean_shortcode_after_title":"","ocean_shortcode_before_footer_widgets":"","ocean_shortcode_after_footer_widgets":"","ocean_shortcode_before_footer_bottom":"","ocean_shortcode_after_footer_bottom":"","ocean_display_top_bar":"default","ocean_display_header":"default","ocean_header_style":"","ocean_center_header_left_menu":"0","ocean_custom_header_template":"0","ocean_custom_logo":0,"ocean_custom_retina_logo":0,"ocean_custom_logo_max_width":0,"ocean_custom_logo_tablet_max_width":0,"ocean_custom_logo_mobile_max_width":0,"ocean_custom_logo_max_height":0,"ocean_custom_logo_tablet_max_height":0,"ocean_custom_logo_mobile_max_height":0,"ocean_header_custom_menu":"0","ocean_menu_typo_font_family":"0","ocean_menu_typo_font_subset":"","ocean_menu_typo_font_size":0,"ocean_menu_typo_font_size_tablet":0,"ocean_menu_typo_font_size_mobile":0,"ocean_menu_typo_font_size_unit":"px","ocean_menu_typo_font_weight":"","ocean_menu_typo_font_weight_tablet":"","ocean_menu_typo_font_weight_mobile":"","ocean_menu_typo_transform":"","ocean_menu_typo_transform_tablet":"","ocean_menu_typo_transform_mobile":"","ocean_menu_typo_line_height":0,"ocean_menu_typo_line_height_tablet":0,"ocean_menu_typo_line_height_mobile":0,"ocean_menu_typo_line_height_unit":"","ocean_menu_typo_spacing":0,"ocean_menu_typo_spacing_tablet":0,"ocean_menu_typo_spacing_mobile":0,"ocean_menu_typo_spacing_unit":"","ocean_menu_link_color":"","ocean_menu_link_color_hover":"","ocean_menu_link_color_active":"","ocean_menu_link_background":"","ocean_menu_link_hover_background":"","ocean_menu_link_active_background":"","ocean_menu_social_links_bg":"","ocean_menu_social_hover_links_bg":"","ocean_menu_social_links_color":"","ocean_menu_social_hover_links_color":"","ocean_disable_title":"default","ocean_disable_heading":"default","ocean_post_title":"","ocean_post_subheading":"","ocean_post_title_style":"","ocean_post_title_background_color":"","ocean_post_title_background":0,"ocean_post_title_bg_image_position":"","ocean_post_title_bg_image_attachment":"","ocean_post_title_bg_image_repeat":"","ocean_post_title_bg_image_size":"","ocean_post_title_height":0,"ocean_post_title_bg_overlay":0.5,"ocean_post_title_bg_overlay_color":"","ocean_disable_breadcrumbs":"default","ocean_breadcrumbs_color":"","ocean_breadcrumbs_separator_color":"","ocean_breadcrumbs_links_color":"","ocean_breadcrumbs_links_hover_color":"","ocean_display_footer_widgets":"default","ocean_display_footer_bottom":"default","ocean_custom_footer_template":"0","footnotes":""},"class_list":["post-567","page","type-page","status-publish","hentry","entry"],"yoast_head":"<!-- This site is optimized with the Yoast SEO plugin v27.2 - https:\/\/yoast.com\/product\/yoast-seo-wordpress\/ -->\n<title>Services - Elevation Leaders<\/title>\n<meta name=\"robots\" content=\"index, follow, max-snippet:-1, max-image-preview:large, max-video-preview:-1\" \/>\n<link rel=\"canonical\" href=\"https:\/\/elevationleaders.com\/fr\/services\/\" \/>\n<meta property=\"og:locale\" content=\"en_US\" \/>\n<meta property=\"og:type\" content=\"article\" \/>\n<meta property=\"og:title\" content=\"Services - Elevation Leaders\" \/>\n<meta property=\"og:description\" content=\"Nos Services NOS SERVICES DE COACHING ET DE FACILITATION PLANIFICATION STRAT\u00c9GIQUE Les d\u00e9cisions \u00e9galent le succ\u00e8s &#8211; et il y a quatre d\u00e9cisions, dans la croissance de votre entreprise, que vous devez prendre correctement ou vous risquez de laisser des revenus, des b\u00e9n\u00e9fices et du temps importants sur la table. Ces quatre d\u00e9cisions sont les [&hellip;]\" \/>\n<meta property=\"og:url\" content=\"https:\/\/elevationleaders.com\/fr\/services\/\" \/>\n<meta property=\"og:site_name\" content=\"Elevation Leaders\" \/>\n<meta property=\"article:modified_time\" content=\"2023-02-27T11:02:13+00:00\" \/>\n<meta property=\"og:image\" content=\"https:\/\/elevationleaders.com\/fr\/wp-content\/uploads\/2022\/10\/STRATEGIC-PLANNING.svg\" \/>\n<meta name=\"twitter:card\" content=\"summary_large_image\" \/>\n<meta name=\"twitter:label1\" content=\"Est. reading time\" \/>\n\t<meta name=\"twitter:data1\" content=\"2 minutes\" \/>\n<script type=\"application\/ld+json\" class=\"yoast-schema-graph\">{\"@context\":\"https:\/\/schema.org\",\"@graph\":[{\"@type\":\"WebPage\",\"@id\":\"https:\/\/elevationleaders.com\/fr\/services\/\",\"url\":\"https:\/\/elevationleaders.com\/fr\/services\/\",\"name\":\"Services - Elevation Leaders\",\"isPartOf\":{\"@id\":\"https:\/\/elevationleaders.com\/fr\/#website\"},\"primaryImageOfPage\":{\"@id\":\"https:\/\/elevationleaders.com\/fr\/services\/#primaryimage\"},\"image\":{\"@id\":\"https:\/\/elevationleaders.com\/fr\/services\/#primaryimage\"},\"thumbnailUrl\":\"https:\/\/elevationleaders.com\/fr\/wp-content\/uploads\/2022\/10\/STRATEGIC-PLANNING.svg\",\"datePublished\":\"2022-10-31T07:33:47+00:00\",\"dateModified\":\"2023-02-27T11:02:13+00:00\",\"breadcrumb\":{\"@id\":\"https:\/\/elevationleaders.com\/fr\/services\/#breadcrumb\"},\"inLanguage\":\"en\",\"potentialAction\":[{\"@type\":\"ReadAction\",\"target\":[\"https:\/\/elevationleaders.com\/fr\/services\/\"]}]},{\"@type\":\"ImageObject\",\"inLanguage\":\"en\",\"@id\":\"https:\/\/elevationleaders.com\/fr\/services\/#primaryimage\",\"url\":\"https:\/\/elevationleaders.com\/fr\/wp-content\/uploads\/2022\/10\/STRATEGIC-PLANNING.svg\",\"contentUrl\":\"https:\/\/elevationleaders.com\/fr\/wp-content\/uploads\/2022\/10\/STRATEGIC-PLANNING.svg\"},{\"@type\":\"BreadcrumbList\",\"@id\":\"https:\/\/elevationleaders.com\/fr\/services\/#breadcrumb\",\"itemListElement\":[{\"@type\":\"ListItem\",\"position\":1,\"name\":\"Home\",\"item\":\"https:\/\/elevationleaders.com\/fr\/\"},{\"@type\":\"ListItem\",\"position\":2,\"name\":\"Services\"}]},{\"@type\":\"WebSite\",\"@id\":\"https:\/\/elevationleaders.com\/fr\/#website\",\"url\":\"https:\/\/elevationleaders.com\/fr\/\",\"name\":\"Elevation Leaders\",\"description\":\"Strategize and Elevate\",\"publisher\":{\"@id\":\"https:\/\/elevationleaders.com\/fr\/#organization\"},\"potentialAction\":[{\"@type\":\"SearchAction\",\"target\":{\"@type\":\"EntryPoint\",\"urlTemplate\":\"https:\/\/elevationleaders.com\/fr\/?s={search_term_string}\"},\"query-input\":{\"@type\":\"PropertyValueSpecification\",\"valueRequired\":true,\"valueName\":\"search_term_string\"}}],\"inLanguage\":\"en\"},{\"@type\":\"Organization\",\"@id\":\"https:\/\/elevationleaders.com\/fr\/#organization\",\"name\":\"Elevation Leaders\",\"url\":\"https:\/\/elevationleaders.com\/fr\/\",\"logo\":{\"@type\":\"ImageObject\",\"inLanguage\":\"en\",\"@id\":\"https:\/\/elevationleaders.com\/fr\/#\/schema\/logo\/image\/\",\"url\":\"https:\/\/elevationleaders.com\/fr\/wp-content\/uploads\/2022\/10\/logo.svg\",\"contentUrl\":\"https:\/\/elevationleaders.com\/fr\/wp-content\/uploads\/2022\/10\/logo.svg\",\"caption\":\"Elevation Leaders\"},\"image\":{\"@id\":\"https:\/\/elevationleaders.com\/fr\/#\/schema\/logo\/image\/\"}}]}<\/script>\n<!-- \/ Yoast SEO plugin. -->","yoast_head_json":{"title":"Services - Elevation Leaders","robots":{"index":"index","follow":"follow","max-snippet":"max-snippet:-1","max-image-preview":"max-image-preview:large","max-video-preview":"max-video-preview:-1"},"canonical":"https:\/\/elevationleaders.com\/fr\/services\/","og_locale":"en_US","og_type":"article","og_title":"Services - Elevation Leaders","og_description":"Nos Services NOS SERVICES DE COACHING ET DE FACILITATION PLANIFICATION STRAT\u00c9GIQUE Les d\u00e9cisions \u00e9galent le succ\u00e8s &#8211; et il y a quatre d\u00e9cisions, dans la croissance de votre entreprise, que vous devez prendre correctement ou vous risquez de laisser des revenus, des b\u00e9n\u00e9fices et du temps importants sur la table. Ces quatre d\u00e9cisions sont les [&hellip;]","og_url":"https:\/\/elevationleaders.com\/fr\/services\/","og_site_name":"Elevation Leaders","article_modified_time":"2023-02-27T11:02:13+00:00","og_image":[{"url":"https:\/\/elevationleaders.com\/fr\/wp-content\/uploads\/2022\/10\/STRATEGIC-PLANNING.svg","type":"","width":"","height":""}],"twitter_card":"summary_large_image","twitter_misc":{"Est. reading time":"2 minutes"},"schema":{"@context":"https:\/\/schema.org","@graph":[{"@type":"WebPage","@id":"https:\/\/elevationleaders.com\/fr\/services\/","url":"https:\/\/elevationleaders.com\/fr\/services\/","name":"Services - Elevation Leaders","isPartOf":{"@id":"https:\/\/elevationleaders.com\/fr\/#website"},"primaryImageOfPage":{"@id":"https:\/\/elevationleaders.com\/fr\/services\/#primaryimage"},"image":{"@id":"https:\/\/elevationleaders.com\/fr\/services\/#primaryimage"},"thumbnailUrl":"https:\/\/elevationleaders.com\/fr\/wp-content\/uploads\/2022\/10\/STRATEGIC-PLANNING.svg","datePublished":"2022-10-31T07:33:47+00:00","dateModified":"2023-02-27T11:02:13+00:00","breadcrumb":{"@id":"https:\/\/elevationleaders.com\/fr\/services\/#breadcrumb"},"inLanguage":"en","potentialAction":[{"@type":"ReadAction","target":["https:\/\/elevationleaders.com\/fr\/services\/"]}]},{"@type":"ImageObject","inLanguage":"en","@id":"https:\/\/elevationleaders.com\/fr\/services\/#primaryimage","url":"https:\/\/elevationleaders.com\/fr\/wp-content\/uploads\/2022\/10\/STRATEGIC-PLANNING.svg","contentUrl":"https:\/\/elevationleaders.com\/fr\/wp-content\/uploads\/2022\/10\/STRATEGIC-PLANNING.svg"},{"@type":"BreadcrumbList","@id":"https:\/\/elevationleaders.com\/fr\/services\/#breadcrumb","itemListElement":[{"@type":"ListItem","position":1,"name":"Home","item":"https:\/\/elevationleaders.com\/fr\/"},{"@type":"ListItem","position":2,"name":"Services"}]},{"@type":"WebSite","@id":"https:\/\/elevationleaders.com\/fr\/#website","url":"https:\/\/elevationleaders.com\/fr\/","name":"Elevation Leaders","description":"Strategize and Elevate","publisher":{"@id":"https:\/\/elevationleaders.com\/fr\/#organization"},"potentialAction":[{"@type":"SearchAction","target":{"@type":"EntryPoint","urlTemplate":"https:\/\/elevationleaders.com\/fr\/?s={search_term_string}"},"query-input":{"@type":"PropertyValueSpecification","valueRequired":true,"valueName":"search_term_string"}}],"inLanguage":"en"},{"@type":"Organization","@id":"https:\/\/elevationleaders.com\/fr\/#organization","name":"Elevation Leaders","url":"https:\/\/elevationleaders.com\/fr\/","logo":{"@type":"ImageObject","inLanguage":"en","@id":"https:\/\/elevationleaders.com\/fr\/#\/schema\/logo\/image\/","url":"https:\/\/elevationleaders.com\/fr\/wp-content\/uploads\/2022\/10\/logo.svg","contentUrl":"https:\/\/elevationleaders.com\/fr\/wp-content\/uploads\/2022\/10\/logo.svg","caption":"Elevation Leaders"},"image":{"@id":"https:\/\/elevationleaders.com\/fr\/#\/schema\/logo\/image\/"}}]}},"_links":{"self":[{"href":"https:\/\/elevationleaders.com\/fr\/wp-json\/wp\/v2\/pages\/567","targetHints":{"allow":["GET"]}}],"collection":[{"href":"https:\/\/elevationleaders.com\/fr\/wp-json\/wp\/v2\/pages"}],"about":[{"href":"https:\/\/elevationleaders.com\/fr\/wp-json\/wp\/v2\/types\/page"}],"author":[{"embeddable":true,"href":"https:\/\/elevationleaders.com\/fr\/wp-json\/wp\/v2\/users\/2"}],"replies":[{"embeddable":true,"href":"https:\/\/elevationleaders.com\/fr\/wp-json\/wp\/v2\/comments?post=567"}],"version-history":[{"count":5,"href":"https:\/\/elevationleaders.com\/fr\/wp-json\/wp\/v2\/pages\/567\/revisions"}],"predecessor-version":[{"id":2013,"href":"https:\/\/elevationleaders.com\/fr\/wp-json\/wp\/v2\/pages\/567\/revisions\/2013"}],"wp:attachment":[{"href":"https:\/\/elevationleaders.com\/fr\/wp-json\/wp\/v2\/media?parent=567"}],"curies":[{"name":"wp","href":"https:\/\/api.w.org\/{rel}","templated":true}]}}